{"id":430,"date":"2021-11-16T13:11:08","date_gmt":"2021-11-16T13:11:08","guid":{"rendered":"http:\/\/customerfocusconsulting.com\/?page_id=430"},"modified":"2022-06-01T09:13:03","modified_gmt":"2022-06-01T09:13:03","slug":"cxexperts","status":"publish","type":"page","link":"https:\/\/customerfocusconsulting.com\/?page_id=430","title":{"rendered":"CXExperts"},"content":{"rendered":"\n<p>1<sup>er<\/sup> r\u00e9seau d\u2019Experts en Exp\u00e9rience Client, <strong>#CXExperts <\/strong>a \u00e9t\u00e9 cr\u00e9\u00e9 par Customer Focus Consulting pour permettre \u00e0 ses clients d\u2019acc\u00e9l\u00e9rer leur transformation client en b\u00e9n\u00e9ficiant des meilleures expertises CX.<\/p>\n\n\n\n<figure class=\"wp-block-image size-full\"><a href=\"http:\/\/customerfocusconsulting.com\/wp-content\/uploads\/2022\/05\/Image-Cafe-CxExperts.jpg\"><img decoding=\"async\" loading=\"lazy\" width=\"960\" height=\"720\" src=\"http:\/\/customerfocusconsulting.com\/wp-content\/uploads\/2022\/05\/Image-Cafe-CxExperts.jpg\" alt=\"\" class=\"wp-image-711\" srcset=\"https:\/\/customerfocusconsulting.com\/wp-content\/uploads\/2022\/05\/Image-Cafe-CxExperts.jpg 960w, https:\/\/customerfocusconsulting.com\/wp-content\/uploads\/2022\/05\/Image-Cafe-CxExperts-300x225.jpg 300w, https:\/\/customerfocusconsulting.com\/wp-content\/uploads\/2022\/05\/Image-Cafe-CxExperts-768x576.jpg 768w, https:\/\/customerfocusconsulting.com\/wp-content\/uploads\/2022\/05\/Image-Cafe-CxExperts-400x300.jpg 400w\" sizes=\"(max-width: 960px) 100vw, 960px\" \/><\/a><\/figure>\n\n\n\n<p>__________________________________________________________________________________<\/p>\n\n\n\n<p>Forts de leur exp\u00e9rience CX acquise dans la vraie vie de l&rsquo;entreprise, et de leur ma\u00eetrise d&rsquo;un ou plusieurs secteurs, nos Experts vous proposent 24 expertises-cl\u00e9 adapt\u00e9es \u00e0 vos probl\u00e9matiques CX.<\/p>\n\n\n\n<figure class=\"wp-block-image size-large\"><a href=\"http:\/\/customerfocusconsulting.com\/wp-content\/uploads\/2021\/11\/nos-expertises.png\"><img decoding=\"async\" loading=\"lazy\" width=\"1024\" height=\"700\" src=\"http:\/\/customerfocusconsulting.com\/wp-content\/uploads\/2021\/11\/nos-expertises-1024x700.png\" alt=\"\" class=\"wp-image-441\" srcset=\"https:\/\/customerfocusconsulting.com\/wp-content\/uploads\/2021\/11\/nos-expertises-1024x700.png 1024w, https:\/\/customerfocusconsulting.com\/wp-content\/uploads\/2021\/11\/nos-expertises-300x205.png 300w, https:\/\/customerfocusconsulting.com\/wp-content\/uploads\/2021\/11\/nos-expertises-768x525.png 768w, https:\/\/customerfocusconsulting.com\/wp-content\/uploads\/2021\/11\/nos-expertises-439x300.png 439w, https:\/\/customerfocusconsulting.com\/wp-content\/uploads\/2021\/11\/nos-expertises-440x300.png 440w, https:\/\/customerfocusconsulting.com\/wp-content\/uploads\/2021\/11\/nos-expertises.png 1429w\" sizes=\"(max-width: 1024px) 100vw, 1024px\" \/><\/a><\/figure>\n\n\n\n<p>__________________________________________________________________________________<\/p>\n\n\n\n<figure class=\"wp-block-image size-full\"><a href=\"http:\/\/customerfocusconsulting.com\/wp-content\/uploads\/2022\/06\/220524_Quelques-exemples-de-CxExperts.jpg\"><img decoding=\"async\" loading=\"lazy\" width=\"960\" height=\"720\" src=\"http:\/\/customerfocusconsulting.com\/wp-content\/uploads\/2022\/06\/220524_Quelques-exemples-de-CxExperts.jpg\" alt=\"\" class=\"wp-image-714\" srcset=\"https:\/\/customerfocusconsulting.com\/wp-content\/uploads\/2022\/06\/220524_Quelques-exemples-de-CxExperts.jpg 960w, https:\/\/customerfocusconsulting.com\/wp-content\/uploads\/2022\/06\/220524_Quelques-exemples-de-CxExperts-300x225.jpg 300w, https:\/\/customerfocusconsulting.com\/wp-content\/uploads\/2022\/06\/220524_Quelques-exemples-de-CxExperts-768x576.jpg 768w, https:\/\/customerfocusconsulting.com\/wp-content\/uploads\/2022\/06\/220524_Quelques-exemples-de-CxExperts-400x300.jpg 400w\" sizes=\"(max-width: 960px) 100vw, 960px\" \/><\/a><\/figure>\n","protected":false},"excerpt":{"rendered":"<p>1er r\u00e9seau d\u2019Experts en Exp\u00e9rience Client, #CXExperts a \u00e9t\u00e9 cr\u00e9\u00e9 par Customer Focus Consulting pour permettre \u00e0 ses clients d\u2019acc\u00e9l\u00e9rer leur transformation client en b\u00e9n\u00e9ficiant des meilleures expertises CX. __________________________________________________________________________________ Forts de leur exp\u00e9rience CX acquise dans la vraie vie de l&rsquo;entreprise, et de leur ma\u00eetrise d&rsquo;un ou plusieurs secteurs, &hellip;<\/p>\n","protected":false},"author":1,"featured_media":0,"parent":0,"menu_order":0,"comment_status":"closed","ping_status":"closed","template":"","meta":{"_mi_skip_tracking":false},"_links":{"self":[{"href":"https:\/\/customerfocusconsulting.com\/index.php?rest_route=\/wp\/v2\/pages\/430"}],"collection":[{"href":"https:\/\/customerfocusconsulting.com\/index.php?rest_route=\/wp\/v2\/pages"}],"about":[{"href":"https:\/\/customerfocusconsulting.com\/index.php?rest_route=\/wp\/v2\/types\/page"}],"author":[{"embeddable":true,"href":"https:\/\/customerfocusconsulting.com\/index.php?rest_route=\/wp\/v2\/users\/1"}],"replies":[{"embeddable":true,"href":"https:\/\/customerfocusconsulting.com\/index.php?rest_route=%2Fwp%2Fv2%2Fcomments&post=430"}],"version-history":[{"count":22,"href":"https:\/\/customerfocusconsulting.com\/index.php?rest_route=\/wp\/v2\/pages\/430\/revisions"}],"predecessor-version":[{"id":715,"href":"https:\/\/customerfocusconsulting.com\/index.php?rest_route=\/wp\/v2\/pages\/430\/revisions\/715"}],"wp:attachment":[{"href":"https:\/\/customerfocusconsulting.com\/index.php?rest_route=%2Fwp%2Fv2%2Fmedia&parent=430"}],"curies":[{"name":"wp","href":"https:\/\/api.w.org\/{rel}","templated":true}]}}