{"id":117,"date":"2014-10-19T16:21:08","date_gmt":"2014-10-19T16:21:08","guid":{"rendered":"http:\/\/customerfocusconsulting.com\/?page_id=117"},"modified":"2021-11-16T15:17:18","modified_gmt":"2021-11-16T15:17:18","slug":"what-we-offer","status":"publish","type":"page","link":"https:\/\/customerfocusconsulting.com\/?page_id=117","title":{"rendered":"Notre offre"},"content":{"rendered":"\n<p>Projet de transformation client avec notre approche en 4 \u00e9tapes (Sensibiliser-Concevoir-D\u00e9ployer-P\u00e9renniser), ou am\u00e9lioration sur un sujet pr\u00e9cis au sein de l&rsquo;une de ces \u00e9tapes, nous sommes l\u00e0 pour vous aider.<\/p>\n\n\n<p><a href=\"http:\/\/customerfocusconsulting.com\/wp-content\/uploads\/2021\/11\/Offre-4-piliers.png\"><img decoding=\"async\" loading=\"lazy\" class=\"alignnone size-full wp-image-417\" src=\"http:\/\/customerfocusconsulting.com\/wp-content\/uploads\/2021\/11\/Offre-4-piliers.png\" alt=\"\" width=\"3000\" height=\"1896\" srcset=\"https:\/\/customerfocusconsulting.com\/wp-content\/uploads\/2021\/11\/Offre-4-piliers.png 3000w, https:\/\/customerfocusconsulting.com\/wp-content\/uploads\/2021\/11\/Offre-4-piliers-300x190.png 300w, https:\/\/customerfocusconsulting.com\/wp-content\/uploads\/2021\/11\/Offre-4-piliers-1024x647.png 1024w, https:\/\/customerfocusconsulting.com\/wp-content\/uploads\/2021\/11\/Offre-4-piliers-768x485.png 768w, https:\/\/customerfocusconsulting.com\/wp-content\/uploads\/2021\/11\/Offre-4-piliers-1536x971.png 1536w, https:\/\/customerfocusconsulting.com\/wp-content\/uploads\/2021\/11\/Offre-4-piliers-2048x1294.png 2048w, https:\/\/customerfocusconsulting.com\/wp-content\/uploads\/2021\/11\/Offre-4-piliers-449x284.png 449w\" sizes=\"(max-width: 3000px) 100vw, 3000px\" \/><\/a><\/p>","protected":false},"excerpt":{"rendered":"<p>Projet de transformation client avec notre approche en 4 \u00e9tapes (Sensibiliser-Concevoir-D\u00e9ployer-P\u00e9renniser), ou am\u00e9lioration sur un sujet pr\u00e9cis au sein de l&rsquo;une de ces \u00e9tapes, nous sommes l\u00e0 pour vous aider.<\/p>\n","protected":false},"author":1,"featured_media":0,"parent":0,"menu_order":0,"comment_status":"closed","ping_status":"closed","template":"","meta":{"_mi_skip_tracking":false},"_links":{"self":[{"href":"https:\/\/customerfocusconsulting.com\/index.php?rest_route=\/wp\/v2\/pages\/117"}],"collection":[{"href":"https:\/\/customerfocusconsulting.com\/index.php?rest_route=\/wp\/v2\/pages"}],"about":[{"href":"https:\/\/customerfocusconsulting.com\/index.php?rest_route=\/wp\/v2\/types\/page"}],"author":[{"embeddable":true,"href":"https:\/\/customerfocusconsulting.com\/index.php?rest_route=\/wp\/v2\/users\/1"}],"replies":[{"embeddable":true,"href":"https:\/\/customerfocusconsulting.com\/index.php?rest_route=%2Fwp%2Fv2%2Fcomments&post=117"}],"version-history":[{"count":34,"href":"https:\/\/customerfocusconsulting.com\/index.php?rest_route=\/wp\/v2\/pages\/117\/revisions"}],"predecessor-version":[{"id":486,"href":"https:\/\/customerfocusconsulting.com\/index.php?rest_route=\/wp\/v2\/pages\/117\/revisions\/486"}],"wp:attachment":[{"href":"https:\/\/customerfocusconsulting.com\/index.php?rest_route=%2Fwp%2Fv2%2Fmedia&parent=117"}],"curies":[{"name":"wp","href":"https:\/\/api.w.org\/{rel}","templated":true}]}}